{"id":85,"date":"2019-06-12T11:55:48","date_gmt":"2019-06-12T11:55:48","guid":{"rendered":"https:\/\/demos.attesawp.com\/business\/?page_id=85"},"modified":"2020-11-09T16:12:51","modified_gmt":"2020-11-09T19:12:51","slug":"faesc","status":"publish","type":"page","link":"https:\/\/www.faesc.edu.br\/portal\/faesc\/","title":{"rendered":"FAESC"},"content":{"rendered":"\t\t<div data-elementor-type=\"wp-post\" data-elementor-id=\"85\" class=\"elementor elementor-85\">\n\t\t\t\t\t\t<section class=\"elementor-section elementor-top-section elementor-element elementor-element-fed4d28 elementor-section-boxed elementor-section-height-default elementor-section-height-default jltma-glass-effect-no\" data-id=\"fed4d28\" data-element_type=\"section\" data-e-type=\"section\" data-settings=\"{&quot;background_background&quot;:&quot;classic&quot;,&quot;shape_divider_bottom&quot;:&quot;triangle&quot;}\">\n\t\t\t\t\t\t\t<div class=\"elementor-background-overlay\"><\/div>\n\t\t\t\t\t\t<div class=\"elementor-shape elementor-shape-bottom\" aria-hidden=\"true\" data-negative=\"false\">\n\t\t\t<svg xmlns=\"http:\/\/www.w3.org\/2000\/svg\" viewBox=\"0 0 1000 100\" preserveAspectRatio=\"none\">\n\t<path class=\"elementor-shape-fill\" d=\"M500,98.9L0,6.1V0h1000v6.1L500,98.9z\"\/>\n<\/svg>\t\t<\/div>\n\t\t\t\t\t<div class=\"elementor-container elementor-column-gap-default\">\n\t\t\t\t\t<div class=\"elementor-column elementor-col-100 elementor-top-column elementor-element elementor-element-d9501b7 jltma-glass-effect-no\" data-id=\"d9501b7\" data-element_type=\"column\" data-e-type=\"column\">\n\t\t\t<div class=\"elementor-widget-wrap elementor-element-populated\">\n\t\t\t\t\t\t<div class=\"elementor-element elementor-element-435d912 jltma-glass-effect-no elementor-widget elementor-widget-heading\" data-id=\"435d912\" data-element_type=\"widget\" data-e-type=\"widget\" data-widget_type=\"heading.default\">\n\t\t\t\t<div class=\"elementor-widget-container\">\n\t\t\t\t\t<h2 class=\"elementor-heading-title elementor-size-default\">A FAESC<\/h2>\t\t\t\t<\/div>\n\t\t\t\t<\/div>\n\t\t\t\t<div class=\"elementor-element elementor-element-c686ad5 jltma-glass-effect-no elementor-widget elementor-widget-attesa-extra-divider\" data-id=\"c686ad5\" data-element_type=\"widget\" data-e-type=\"widget\" data-widget_type=\"attesa-extra-divider.default\">\n\t\t\t\t<div class=\"elementor-widget-container\">\n\t\t\t\t\t\t\t<div class=\"attesa-extra-divider-wrap position_center\">\r\n\t\t\t<div class=\"attesa-extra-divider attesa-divider-before\"><\/div>\r\n\t\t\t\t\t\t\t<div class=\"attesa-divider-middle\"><i class=\"fa fa-users\"><\/i><\/div>\r\n\t\t\t\t\t\t<div class=\"attesa-extra-divider attesa-divider-after\"><\/div>\r\n\t\t<\/div>\r\n\t\t\t\t\t\t<\/div>\n\t\t\t\t<\/div>\n\t\t\t\t\t<\/div>\n\t\t<\/div>\n\t\t\t\t\t<\/div>\n\t\t<\/section>\n\t\t\t\t<section class=\"elementor-section elementor-top-section elementor-element elementor-element-30e38f3 elementor-section-boxed elementor-section-height-default elementor-section-height-default jltma-glass-effect-no\" data-id=\"30e38f3\" data-element_type=\"section\" data-e-type=\"section\">\n\t\t\t\t\t\t<div class=\"elementor-container elementor-column-gap-default\">\n\t\t\t\t\t<div class=\"elementor-column elementor-col-100 elementor-top-column elementor-element elementor-element-918ccda jltma-glass-effect-no\" data-id=\"918ccda\" data-element_type=\"column\" data-e-type=\"column\">\n\t\t\t<div class=\"elementor-widget-wrap elementor-element-populated\">\n\t\t\t\t\t\t<div class=\"elementor-element elementor-element-532b1ec jltma-glass-effect-no elementor-widget elementor-widget-image\" data-id=\"532b1ec\" data-element_type=\"widget\" data-e-type=\"widget\" data-widget_type=\"image.default\">\n\t\t\t\t<div class=\"elementor-widget-container\">\n\t\t\t\t\t\t\t\t\t\t\t\t\t\t\t<img fetchpriority=\"high\" decoding=\"async\" width=\"300\" height=\"183\" src=\"https:\/\/www.faesc.edu.br\/portal\/wp-content\/uploads\/2020\/10\/logofaesc-300x183-1.png\" class=\"attachment-large size-large wp-image-310\" alt=\"\" \/>\t\t\t\t\t\t\t\t\t\t\t\t\t\t\t<\/div>\n\t\t\t\t<\/div>\n\t\t\t\t<div class=\"elementor-element elementor-element-57154e4 jltma-glass-effect-no elementor-widget elementor-widget-heading\" data-id=\"57154e4\" data-element_type=\"widget\" data-e-type=\"widget\" data-widget_type=\"heading.default\">\n\t\t\t\t<div class=\"elementor-widget-container\">\n\t\t\t\t\t<h1 class=\"elementor-heading-title elementor-size-default\">NOSSO HIST\u00d3RICO<\/h1>\t\t\t\t<\/div>\n\t\t\t\t<\/div>\n\t\t\t\t<div class=\"elementor-element elementor-element-5a498f1 elementor-widget-divider--view-line jltma-glass-effect-no elementor-widget elementor-widget-divider\" data-id=\"5a498f1\" data-element_type=\"widget\" data-e-type=\"widget\" data-widget_type=\"divider.default\">\n\t\t\t\t<div class=\"elementor-widget-container\">\n\t\t\t\t\t\t\t<div class=\"elementor-divider\">\n\t\t\t<span class=\"elementor-divider-separator\">\n\t\t\t\t\t\t<\/span>\n\t\t<\/div>\n\t\t\t\t\t\t<\/div>\n\t\t\t\t<\/div>\n\t\t\t\t<div class=\"elementor-element elementor-element-1a54948 jltma-glass-effect-no elementor-widget elementor-widget-text-editor\" data-id=\"1a54948\" data-element_type=\"widget\" data-e-type=\"widget\" data-widget_type=\"text-editor.default\">\n\t\t\t\t<div class=\"elementor-widget-container\">\n\t\t\t\t\t\t\t\t\t<p>A FAESC \u00e9 a maior faculdade da mata sul, conta com uma infraestrutura diferenciada, corpo docente capacitado e o melhor custo benef\u00edcio da regi\u00e3o.<\/p><p>Oferece cursos de gradua\u00e7\u00e3o em:<\/p><ul><li>Administra\u00e7\u00e3o,<\/li><li>Gest\u00e3o em recursos humanos,<\/li><li>Engenharia de produ\u00e7\u00e3o,<\/li><li>Pedagogia,<\/li><li>Letras,<\/li><li>Fisioterapia,<\/li><li>Farm\u00e1cia,<\/li><li>Enfermagem e<\/li><li>Educa\u00e7\u00e3o f\u00edsica.<\/li><\/ul><p>Al\u00e9m de mais de 10 cursos de p\u00f3s-gradua\u00e7\u00e3o nas \u00e1reas de sa\u00fade, gest\u00e3o e educa\u00e7\u00e3o.<\/p><p>Durante a pandemia, a FAESC mais uma vez inovou pra manter o ensino de qualidade, que \u00e9 a sua marca registrada.<\/p><p>Investiu em uma biblioteca virtual, implantou uma plataforma exclusiva para que os alunos tivessem um melhor acesso as aulas remotas e equipamentos de alt\u00edssima qualidade para as aulas.\u00a0<\/p><p>A FAESC est\u00e1 pronta para a nova realidade educacional.<\/p><p>H\u00e1 20 anos, \u00e9 comprometida com ensino de excel\u00eancia, qualidade acad\u00eamica e respeito ao aluno.<\/p><p>Oferece instala\u00e7\u00f5es modernas, laborat\u00f3rios tecnologicamente equipados, investe no que h\u00e1 de melhor para seus alunos.<\/p><p>A FAESC \u2013 Faculdade da Escada nasce inserida no contexto de transforma\u00e7\u00e3o, interessada em favorecer para a melhoria da qualidade de vida da popula\u00e7\u00e3o por meio de servi\u00e7os educacionais que possam contribuir para o desenvolvimento do estado.\u00a0 Seu surgimento d\u00e1-se no ano de 1999 quando um grupo de educadores, empres\u00e1rios e profissionais liberais iniciou a implanta\u00e7\u00e3o da Faculdade da Escada \u2013 FAESC com os cursos de Administra\u00e7\u00e3o, Turismo, Pedagogia e Letras. Tudo surgiu de um sonho comum: possibilitar a forma\u00e7\u00e3o superior aos escadenses e \u00e0 regi\u00e3o.<\/p><p>Ao acreditar no sonho, ousaram no investimento e a concretiza\u00e7\u00e3o deste ideal ocorreu ao verem toda a execu\u00e7\u00e3o do projeto, desde o in\u00edcio das obras ao recebimento da autoriza\u00e7\u00e3o de funcionamento pelo MEC; do 1\u00ba Vestibular, o ingresso dos primeiros alunos, aos futuros profissionais e agentes de desenvolvimento da regi\u00e3o.\u00a0 Com f\u00e1cil acesso e situada no centro da Escada, na Rua Coronel Ant\u00f4nio Marques, 67, a FAESC possui uma infraestrutura com N\u00facleo Administrativo; N\u00facleo Pedag\u00f3gico, N\u00facleo de Sa\u00fade, Blocos 1, 2, 3 e 4 de Salas de Aulas; Laborat\u00f3rios de Inform\u00e1tica 1 e 2, acesso a Internet; Laborat\u00f3rios de Sa\u00fade; Central de Atendimento ao Estudante (CAE) integrado a Secretaria Acad\u00eamica; Central de Atendimento ao Docente (CAD); N\u00facleo de Atendimento ao Estudante (NAE) com atendimento Psicopedag\u00f3gico; N\u00facleo de Biblioteca com acervos atualizados (videoteca, acervo \u00e1udio visual, jornais, revistas e peri\u00f3dicos, cabines para estudos individuais e em grupo); piscina e quadra poliesportiva, Cantina Universit\u00e1ria com \u00e1rea coberta onde servimos lanches e refei\u00e7\u00f5es r\u00e1pidas.<\/p><p>As atividades pedag\u00f3gicas da FAESC tiveram in\u00edcio em 04 de mar\u00e7o de 2002, que teve a participa\u00e7\u00e3o em sua aula inaugural outras Institui\u00e7\u00f5es de Ensino Superior, de diretores, coordenadores, professores, diversos segmentos da sociedade civil organizada e representantes pol\u00edticos de \u00e2mbito nacional, estadual, e municipal.\u00a0 Com um sonho tornado realidade, e na qualidade de uma Institui\u00e7\u00e3o de Ensino Superior localizada Zona da Mata Pernambucana, atendendo em m\u00e9dia 16 (dezesseis) munic\u00edpios localizados na circunvizinhan\u00e7a e \u00e1rea metropolitana de Pernambuco, a SOESE\/FAESC direciona seus processos e a\u00e7\u00f5es pedag\u00f3gicas para compreender criticamente o contexto no qual est\u00e1 inserida, pela produ\u00e7\u00e3o de conhecimento que valorize e fortale\u00e7a a riqueza da cultura local, em todas as suas formas e torn\u00e1-lo acess\u00edvel \u00e0 sociedade para desempenhar seu papel social de promotora de desenvolvimento sustentado no conhecimento, construindo continuamente a partir dos referenciais \u00e9tico-pol\u00edtico, educacionais e tecnol\u00f3gicos interdisciplinares, que reflitam um posicionamento integrador da comunidade acad\u00eamica com o contexto da sociedade local, no compromisso de fortalecer um processo de produ\u00e7\u00e3o de conhecimento e forma\u00e7\u00e3o profissional comprometido o aumento do capital social e sociocultural dos seus alunos e da comunidade da Zona da Mata Sul do Estado de Pernambuco.\u00a0<\/p><p>A FAESC vem desenvolvendo uma s\u00e9rie de projetos institucionais, como: Jornada Pedag\u00f3gica, a Feira do Empreendedor, a Semana do Administrador, a Feira Hisp\u00e2nica, Palestras, \u201cAbra\u00e7o de M\u00e3e\u201d, Semana FAESC de Integra\u00e7\u00e3o Pedag\u00f3gica (SEFIP), Programa Institucional de Bolsa de Inicia\u00e7\u00e3o \u00e0 Doc\u00eancia (PIBID), Empresa Junior e, visitas \u00e0s ind\u00fastrias da regi\u00e3o.\u00a0<\/p><p>Visando expandir a forma\u00e7\u00e3o dos seus acad\u00eamicos e atender \u00e0s necessidades da regi\u00e3o onde est\u00e1 inserida, a FAESC tem oferecido cursos de Especializa\u00e7\u00e3o nas \u00e1reas de Gest\u00e3o, Finan\u00e7as, Educa\u00e7\u00e3o e Sa\u00fade, com o objetivo de formar profissionais para atuarem na iniciativa privada e tamb\u00e9m na gest\u00e3o integrada de sistemas p\u00fablicos municipais, como forma de contribuir para o aumento da efici\u00eancia e melhoria da qualidade dos servi\u00e7os prestados no munic\u00edpio e regi\u00e3o.<\/p><p>No sentido de fortalecer o trip\u00e9 universit\u00e1rio ensino, pesquisa e extens\u00e3o, a IES tem oportunizado aos professores a possibilidade de realiza\u00e7\u00e3o de pesquisas acad\u00eamicas, al\u00e9m de fomentar a publica\u00e7\u00e3o de artigos, resenhas e outros trabalhos em revista acad\u00eamica INTERTEXTO, como tamb\u00e9m a publica\u00e7\u00e3o de livros de colet\u00e2neas dos trabalhos acad\u00eamicos produzidos sob a orienta\u00e7\u00e3o e organiza\u00e7\u00e3o de professores alinhados ao referido N\u00facleo, tudo isto visando exercitar o protagonismo e a cidadania da comunidade acad\u00eamica e tamb\u00e9m da localidade.<\/p>\t\t\t\t\t\t\t\t<\/div>\n\t\t\t\t<\/div>\n\t\t\t\t\t<\/div>\n\t\t<\/div>\n\t\t\t\t\t<\/div>\n\t\t<\/section>\n\t\t\t\t<\/div>\n\t\t","protected":false},"excerpt":{"rendered":"<p>A FAESC NOSSO HIST\u00d3RICO A FAESC \u00e9 a maior faculdade da mata sul, conta com uma infraestrutura diferenciada, corpo docente capacitado e o melhor custo benef\u00edcio da regi\u00e3o. Oferece cursos de gradua\u00e7\u00e3o em: Administra\u00e7\u00e3o, Gest\u00e3o em recursos humanos, Engenharia de produ\u00e7\u00e3o, Pedagogia, Letras, Fisioterapia, Farm\u00e1cia, Enfermagem e Educa\u00e7\u00e3o f\u00edsica. Al\u00e9m de mais de 10 cursos&hellip;<\/p>\n","protected":false},"author":1,"featured_media":0,"parent":0,"menu_order":0,"comment_status":"closed","ping_status":"closed","template":"","meta":{"footnotes":""},"class_list":["post-85","page","type-page","status-publish","hentry"],"_links":{"self":[{"href":"https:\/\/www.faesc.edu.br\/portal\/wp-json\/wp\/v2\/pages\/85","targetHints":{"allow":["GET"]}}],"collection":[{"href":"https:\/\/www.faesc.edu.br\/portal\/wp-json\/wp\/v2\/pages"}],"about":[{"href":"https:\/\/www.faesc.edu.br\/portal\/wp-json\/wp\/v2\/types\/page"}],"author":[{"embeddable":true,"href":"https:\/\/www.faesc.edu.br\/portal\/wp-json\/wp\/v2\/users\/1"}],"replies":[{"embeddable":true,"href":"https:\/\/www.faesc.edu.br\/portal\/wp-json\/wp\/v2\/comments?post=85"}],"version-history":[{"count":14,"href":"https:\/\/www.faesc.edu.br\/portal\/wp-json\/wp\/v2\/pages\/85\/revisions"}],"predecessor-version":[{"id":483,"href":"https:\/\/www.faesc.edu.br\/portal\/wp-json\/wp\/v2\/pages\/85\/revisions\/483"}],"wp:attachment":[{"href":"https:\/\/www.faesc.edu.br\/portal\/wp-json\/wp\/v2\/media?parent=85"}],"curies":[{"name":"wp","href":"https:\/\/api.w.org\/{rel}","templated":true}]}}