{"id":416,"date":"2020-11-09T10:25:32","date_gmt":"2020-11-09T13:25:32","guid":{"rendered":"https:\/\/www.faesc.edu.br\/portal\/?page_id=416"},"modified":"2020-11-09T13:31:43","modified_gmt":"2020-11-09T16:31:43","slug":"graduacao_cursos","status":"publish","type":"page","link":"https:\/\/www.faesc.edu.br\/portal\/graduacao_cursos\/","title":{"rendered":"GRADUACAO"},"content":{"rendered":"\t\t<div data-elementor-type=\"wp-post\" data-elementor-id=\"416\" class=\"elementor elementor-416\">\n\t\t\t\t\t\t<section class=\"elementor-section elementor-top-section elementor-element elementor-element-fed4d28 elementor-section-boxed elementor-section-height-default elementor-section-height-default jltma-glass-effect-no\" data-id=\"fed4d28\" data-element_type=\"section\" data-e-type=\"section\" data-settings=\"{&quot;background_background&quot;:&quot;classic&quot;,&quot;shape_divider_bottom&quot;:&quot;triangle-asymmetrical&quot;}\">\n\t\t\t\t\t\t\t<div class=\"elementor-background-overlay\"><\/div>\n\t\t\t\t\t\t<div class=\"elementor-shape elementor-shape-bottom\" aria-hidden=\"true\" data-negative=\"false\">\n\t\t\t<svg xmlns=\"http:\/\/www.w3.org\/2000\/svg\" viewBox=\"0 0 1000 100\" preserveAspectRatio=\"none\">\n\t<path class=\"elementor-shape-fill\" d=\"M738,99l262-93V0H0v5.6L738,99z\"\/>\n<\/svg>\t\t<\/div>\n\t\t\t\t\t<div class=\"elementor-container elementor-column-gap-default\">\n\t\t\t\t\t<div class=\"elementor-column elementor-col-100 elementor-top-column elementor-element elementor-element-d9501b7 jltma-glass-effect-no\" data-id=\"d9501b7\" data-element_type=\"column\" data-e-type=\"column\">\n\t\t\t<div class=\"elementor-widget-wrap elementor-element-populated\">\n\t\t\t\t\t\t<div class=\"elementor-element elementor-element-435d912 jltma-glass-effect-no elementor-widget elementor-widget-heading\" data-id=\"435d912\" data-element_type=\"widget\" data-e-type=\"widget\" data-widget_type=\"heading.default\">\n\t\t\t\t<div class=\"elementor-widget-container\">\n\t\t\t\t\t<h2 class=\"elementor-heading-title elementor-size-default\">GRADUA\u00c7\u00c3O<\/h2>\t\t\t\t<\/div>\n\t\t\t\t<\/div>\n\t\t\t\t<div class=\"elementor-element elementor-element-c686ad5 jltma-glass-effect-no elementor-widget elementor-widget-attesa-extra-divider\" data-id=\"c686ad5\" data-element_type=\"widget\" data-e-type=\"widget\" data-widget_type=\"attesa-extra-divider.default\">\n\t\t\t\t<div class=\"elementor-widget-container\">\n\t\t\t\t\t\t\t<div class=\"attesa-extra-divider-wrap position_center\">\r\n\t\t\t<div class=\"attesa-extra-divider attesa-divider-before\"><\/div>\r\n\t\t\t\t\t\t\t<div class=\"attesa-divider-middle\"><i class=\"fa fa-users\"><\/i><\/div>\r\n\t\t\t\t\t\t<div class=\"attesa-extra-divider attesa-divider-after\"><\/div>\r\n\t\t<\/div>\r\n\t\t\t\t\t\t<\/div>\n\t\t\t\t<\/div>\n\t\t\t\t\t<\/div>\n\t\t<\/div>\n\t\t\t\t\t<\/div>\n\t\t<\/section>\n\t\t\t\t<section class=\"elementor-section elementor-top-section elementor-element elementor-element-30e38f3 elementor-section-boxed elementor-section-height-default elementor-section-height-default jltma-glass-effect-no\" data-id=\"30e38f3\" data-element_type=\"section\" data-e-type=\"section\">\n\t\t\t\t\t\t<div class=\"elementor-container elementor-column-gap-default\">\n\t\t\t\t\t<div class=\"elementor-column elementor-col-100 elementor-top-column elementor-element elementor-element-918ccda jltma-glass-effect-no\" data-id=\"918ccda\" data-element_type=\"column\" data-e-type=\"column\">\n\t\t\t<div class=\"elementor-widget-wrap elementor-element-populated\">\n\t\t\t\t\t\t<div class=\"elementor-element elementor-element-57154e4 jltma-glass-effect-no elementor-widget elementor-widget-heading\" data-id=\"57154e4\" data-element_type=\"widget\" data-e-type=\"widget\" data-widget_type=\"heading.default\">\n\t\t\t\t<div class=\"elementor-widget-container\">\n\t\t\t\t\t<h1 class=\"elementor-heading-title elementor-size-default\">CONHE\u00c7A OS NOSSOS CURSOS:<\/h1>\t\t\t\t<\/div>\n\t\t\t\t<\/div>\n\t\t\t\t<div class=\"elementor-element elementor-element-5a498f1 elementor-widget-divider--view-line jltma-glass-effect-no elementor-widget elementor-widget-divider\" data-id=\"5a498f1\" data-element_type=\"widget\" data-e-type=\"widget\" data-widget_type=\"divider.default\">\n\t\t\t\t<div class=\"elementor-widget-container\">\n\t\t\t\t\t\t\t<div class=\"elementor-divider\">\n\t\t\t<span class=\"elementor-divider-separator\">\n\t\t\t\t\t\t<\/span>\n\t\t<\/div>\n\t\t\t\t\t\t<\/div>\n\t\t\t\t<\/div>\n\t\t\t\t<div class=\"elementor-element elementor-element-451fd3b jltma-glass-effect-no elementor-widget elementor-widget-elpug\" data-id=\"451fd3b\" data-element_type=\"widget\" data-e-type=\"widget\" data-widget_type=\"elpug.default\">\n\t\t\t\t<div class=\"elementor-widget-container\">\n\t\t\t\t\t<input id=\"powerfolio_pagination_postsperpage\" type=\"hidden\" value=\"\" \/><div class=\"elpt-portfolio elpt_powerfolio_26906\"><div class=\"elpt-portfolio-filter\"><button class=\"portfolio-filter-item item-active\" data-filter=\"*\" style=\"background-color:\">All<\/button><button class=\"portfolio-filter-item\" style=\"background-color:\" data-filter=\".elemenfoliocategory-grad_educacao\">\u00c1rea de Educa\u00e7\u00e3o<\/button><button class=\"portfolio-filter-item\" style=\"background-color:\" data-filter=\".elemenfoliocategory-grad_exatas\">\u00c1rea de Exatas<\/button><button class=\"portfolio-filter-item\" style=\"background-color:\" data-filter=\".elemenfoliocategory-grad_gestao\">\u00c1rea de Gest\u00e3o<\/button><button class=\"portfolio-filter-item\" style=\"background-color:\" data-filter=\".elemenfoliocategory-grad_saude\">\u00c1rea de Sa\u00fade<\/button><\/div><div class=\"elpt-portfolio-content elpt-portfolio-content-isotope elpt-portfolio-style-box  simple elpt-portfolio-columns-3  elpt-portfolio-margin\"><div class=\"portfolio-item-wrapper 574 post-416 page type-page status-publish hentry elemenfoliocategory-grad_gestao\"><a href=\"https:\/\/www.faesc.edu.br\/portal\/portfolio\/administracao\/\" class=\"portfolio-item \" style=\"background-image: url(https:\/\/www.faesc.edu.br\/portal\/wp-content\/uploads\/2020\/11\/adm_banner.jpg)\" title=\"Administra\u00e7\u00e3o\"><img decoding=\"async\" src=\"https:\/\/www.faesc.edu.br\/portal\/wp-content\/uploads\/2020\/11\/adm_banner.jpg\" class=\"elpt-main-image\" title=\"Administra\u00e7\u00e3o\" alt=\"Administra\u00e7\u00e3o\" \/><div class=\"portfolio-item-infos-wrapper\" style=\"background-color:\"><div class=\"portfolio-item-infos\"><div class=\"portfolio-item-title\"><span class=\"portfolio-item-title-span\">Administra\u00e7\u00e3o<\/span><\/div><div class=\"portfolio-item-category\"><span class=\"elpt-portfolio-cat\">\u00c1rea de Gest\u00e3o<\/span><\/div><\/div><\/div><\/a><\/div><div class=\"portfolio-item-wrapper 561 post-416 page type-page status-publish hentry elemenfoliocategory-grad_gestao\"><a href=\"https:\/\/www.faesc.edu.br\/portal\/portfolio\/gestao_rh\/\" class=\"portfolio-item \" style=\"background-image: url(https:\/\/www.faesc.edu.br\/portal\/wp-content\/uploads\/2020\/11\/recursos_humanos.jpeg)\" title=\"Gest\u00e3o em Recursos Humanos\"><img decoding=\"async\" src=\"https:\/\/www.faesc.edu.br\/portal\/wp-content\/uploads\/2020\/11\/recursos_humanos.jpeg\" class=\"elpt-main-image\" title=\"Gest\u00e3o em Recursos Humanos\" alt=\"Gest\u00e3o em Recursos Humanos\" \/><div class=\"portfolio-item-infos-wrapper\" style=\"background-color:\"><div class=\"portfolio-item-infos\"><div class=\"portfolio-item-title\"><span class=\"portfolio-item-title-span\">Gest\u00e3o em Recursos Humanos<\/span><\/div><div class=\"portfolio-item-category\"><span class=\"elpt-portfolio-cat\">\u00c1rea de Gest\u00e3o<\/span><\/div><\/div><\/div><\/a><\/div><div class=\"portfolio-item-wrapper 484 post-416 page type-page status-publish hentry elemenfoliocategory-grad_educacao\"><a href=\"https:\/\/www.faesc.edu.br\/portal\/portfolio\/letras\/\" class=\"portfolio-item \" style=\"background-image: url(https:\/\/www.faesc.edu.br\/portal\/wp-content\/uploads\/2020\/11\/letras.jpg)\" title=\"Letras\"><img decoding=\"async\" src=\"https:\/\/www.faesc.edu.br\/portal\/wp-content\/uploads\/2020\/11\/letras.jpg\" class=\"elpt-main-image\" title=\"Letras\" alt=\"Letras\" \/><div class=\"portfolio-item-infos-wrapper\" style=\"background-color:\"><div class=\"portfolio-item-infos\"><div class=\"portfolio-item-title\"><span class=\"portfolio-item-title-span\">Letras<\/span><\/div><div class=\"portfolio-item-category\"><span class=\"elpt-portfolio-cat\">\u00c1rea de Educa\u00e7\u00e3o<\/span><\/div><\/div><\/div><\/a><\/div><div class=\"portfolio-item-wrapper 461 post-416 page type-page status-publish hentry elemenfoliocategory-grad_saude\"><a href=\"https:\/\/www.faesc.edu.br\/portal\/portfolio\/farmacia\/\" class=\"portfolio-item \" style=\"background-image: url(https:\/\/www.faesc.edu.br\/portal\/wp-content\/uploads\/2020\/11\/farmacia.jpg)\" title=\"Farm\u00e1cia\"><img decoding=\"async\" src=\"https:\/\/www.faesc.edu.br\/portal\/wp-content\/uploads\/2020\/11\/farmacia.jpg\" class=\"elpt-main-image\" title=\"Farm\u00e1cia\" alt=\"Farm\u00e1cia\" \/><div class=\"portfolio-item-infos-wrapper\" style=\"background-color:\"><div class=\"portfolio-item-infos\"><div class=\"portfolio-item-title\"><span class=\"portfolio-item-title-span\">Farm\u00e1cia<\/span><\/div><div class=\"portfolio-item-category\"><span class=\"elpt-portfolio-cat\">\u00c1rea de Sa\u00fade<\/span><\/div><\/div><\/div><\/a><\/div><div class=\"portfolio-item-wrapper 446 post-416 page type-page status-publish hentry elemenfoliocategory-grad_saude\"><a href=\"https:\/\/www.faesc.edu.br\/portal\/portfolio\/educacao_fisica\/\" class=\"portfolio-item \" style=\"background-image: url(https:\/\/www.faesc.edu.br\/portal\/wp-content\/uploads\/2020\/11\/ed_fisica_curso.jpg)\" title=\"Educa\u00e7\u00e3o F\u00edsica\"><img decoding=\"async\" src=\"https:\/\/www.faesc.edu.br\/portal\/wp-content\/uploads\/2020\/11\/ed_fisica_curso.jpg\" class=\"elpt-main-image\" title=\"Educa\u00e7\u00e3o F\u00edsica\" alt=\"Educa\u00e7\u00e3o F\u00edsica\" \/><div class=\"portfolio-item-infos-wrapper\" style=\"background-color:\"><div class=\"portfolio-item-infos\"><div class=\"portfolio-item-title\"><span class=\"portfolio-item-title-span\">Educa\u00e7\u00e3o F\u00edsica<\/span><\/div><div class=\"portfolio-item-category\"><span class=\"elpt-portfolio-cat\">\u00c1rea de Sa\u00fade<\/span><\/div><\/div><\/div><\/a><\/div><div class=\"portfolio-item-wrapper 425 post-416 page type-page status-publish hentry elemenfoliocategory-grad_saude\"><a href=\"https:\/\/www.faesc.edu.br\/portal\/portfolio\/enfermagem\/\" class=\"portfolio-item \" style=\"background-image: url(https:\/\/www.faesc.edu.br\/portal\/wp-content\/uploads\/2020\/11\/efermagem.jpg)\" title=\"Enfermagem\"><img decoding=\"async\" src=\"https:\/\/www.faesc.edu.br\/portal\/wp-content\/uploads\/2020\/11\/efermagem.jpg\" class=\"elpt-main-image\" title=\"Enfermagem\" alt=\"Enfermagem\" \/><div class=\"portfolio-item-infos-wrapper\" style=\"background-color:\"><div class=\"portfolio-item-infos\"><div class=\"portfolio-item-title\"><span class=\"portfolio-item-title-span\">Enfermagem<\/span><\/div><div class=\"portfolio-item-category\"><span class=\"elpt-portfolio-cat\">\u00c1rea de Sa\u00fade<\/span><\/div><\/div><\/div><\/a><\/div><div class=\"portfolio-item-wrapper 345 post-416 page type-page status-publish hentry elemenfoliocategory-grad_educacao\"><a href=\"https:\/\/www.faesc.edu.br\/portal\/portfolio\/pedagogia\/\" class=\"portfolio-item \" style=\"background-image: url(https:\/\/www.faesc.edu.br\/portal\/wp-content\/uploads\/2020\/10\/pedagogia.jpg)\" title=\"Pedagogia\"><img decoding=\"async\" src=\"https:\/\/www.faesc.edu.br\/portal\/wp-content\/uploads\/2020\/10\/pedagogia.jpg\" class=\"elpt-main-image\" title=\"Pedagogia\" alt=\"Pedagogia\" \/><div class=\"portfolio-item-infos-wrapper\" style=\"background-color:\"><div class=\"portfolio-item-infos\"><div class=\"portfolio-item-title\"><span class=\"portfolio-item-title-span\">Pedagogia<\/span><\/div><div class=\"portfolio-item-category\"><span class=\"elpt-portfolio-cat\">\u00c1rea de Educa\u00e7\u00e3o<\/span><\/div><\/div><\/div><\/a><\/div><div class=\"portfolio-item-wrapper 330 post-416 page type-page status-publish hentry elemenfoliocategory-grad_exatas\"><a href=\"https:\/\/www.faesc.edu.br\/portal\/portfolio\/eng_de_producao\/\" class=\"portfolio-item \" style=\"background-image: url(https:\/\/www.faesc.edu.br\/portal\/wp-content\/uploads\/2020\/10\/engenharia_de_producao.jpg)\" title=\"Engenharia de Produ\u00e7\u00e3o\"><img decoding=\"async\" src=\"https:\/\/www.faesc.edu.br\/portal\/wp-content\/uploads\/2020\/10\/engenharia_de_producao.jpg\" class=\"elpt-main-image\" title=\"Engenharia de Produ\u00e7\u00e3o\" alt=\"Engenharia de Produ\u00e7\u00e3o\" \/><div class=\"portfolio-item-infos-wrapper\" style=\"background-color:\"><div class=\"portfolio-item-infos\"><div class=\"portfolio-item-title\"><span class=\"portfolio-item-title-span\">Engenharia de Produ\u00e7\u00e3o<\/span><\/div><div class=\"portfolio-item-category\"><span class=\"elpt-portfolio-cat\">\u00c1rea de Exatas<\/span><\/div><\/div><\/div><\/a><\/div><div class=\"portfolio-item-wrapper 249 post-416 page type-page status-publish hentry elemenfoliocategory-grad_saude\"><a href=\"https:\/\/www.faesc.edu.br\/portal\/portfolio\/fisioterapia\/\" class=\"portfolio-item \" style=\"background-image: url(https:\/\/www.faesc.edu.br\/portal\/wp-content\/uploads\/2020\/10\/Fisioterapia.jpg)\" title=\"Fisioterapia\"><img decoding=\"async\" src=\"https:\/\/www.faesc.edu.br\/portal\/wp-content\/uploads\/2020\/10\/Fisioterapia.jpg\" class=\"elpt-main-image\" title=\"Fisioterapia\" alt=\"Fisioterapia\" \/><div class=\"portfolio-item-infos-wrapper\" style=\"background-color:\"><div class=\"portfolio-item-infos\"><div class=\"portfolio-item-title\"><span class=\"portfolio-item-title-span\">Fisioterapia<\/span><\/div><div class=\"portfolio-item-category\"><span class=\"elpt-portfolio-cat\">\u00c1rea de Sa\u00fade<\/span><\/div><\/div><\/div><\/a><\/div><\/div><\/div>\t\t\t\t<\/div>\n\t\t\t\t<\/div>\n\t\t\t\t\t<\/div>\n\t\t<\/div>\n\t\t\t\t\t<\/div>\n\t\t<\/section>\n\t\t\t\t<\/div>\n\t\t","protected":false},"excerpt":{"rendered":"<p>GRADUA\u00c7\u00c3O CONHE\u00c7A OS NOSSOS CURSOS: All\u00c1rea de Educa\u00e7\u00e3o\u00c1rea de Exatas\u00c1rea de Sa\u00fadeGraduacaoEduca\u00e7\u00e3o F\u00edsica\u00c1rea de Sa\u00fadePedagogia\u00c1rea de Educa\u00e7\u00e3oEngenharia de Produ\u00e7\u00e3o\u00c1rea de ExatasFisioterapia\u00c1rea de Sa\u00fade<\/p>\n","protected":false},"author":1,"featured_media":0,"parent":0,"menu_order":0,"comment_status":"closed","ping_status":"closed","template":"","meta":{"footnotes":""},"class_list":["post-416","page","type-page","status-publish","hentry"],"_links":{"self":[{"href":"https:\/\/www.faesc.edu.br\/portal\/wp-json\/wp\/v2\/pages\/416","targetHints":{"allow":["GET"]}}],"collection":[{"href":"https:\/\/www.faesc.edu.br\/portal\/wp-json\/wp\/v2\/pages"}],"about":[{"href":"https:\/\/www.faesc.edu.br\/portal\/wp-json\/wp\/v2\/types\/page"}],"author":[{"embeddable":true,"href":"https:\/\/www.faesc.edu.br\/portal\/wp-json\/wp\/v2\/users\/1"}],"replies":[{"embeddable":true,"href":"https:\/\/www.faesc.edu.br\/portal\/wp-json\/wp\/v2\/comments?post=416"}],"version-history":[{"count":5,"href":"https:\/\/www.faesc.edu.br\/portal\/wp-json\/wp\/v2\/pages\/416\/revisions"}],"predecessor-version":[{"id":438,"href":"https:\/\/www.faesc.edu.br\/portal\/wp-json\/wp\/v2\/pages\/416\/revisions\/438"}],"wp:attachment":[{"href":"https:\/\/www.faesc.edu.br\/portal\/wp-json\/wp\/v2\/media?parent=416"}],"curies":[{"name":"wp","href":"https:\/\/api.w.org\/{rel}","templated":true}]}}