{"id":317,"date":"2020-10-14T01:12:58","date_gmt":"2020-10-14T04:12:58","guid":{"rendered":"https:\/\/www.faesc.edu.br\/portal\/?page_id=317"},"modified":"2020-11-08T21:00:43","modified_gmt":"2020-11-09T00:00:43","slug":"cpa","status":"publish","type":"page","link":"https:\/\/www.faesc.edu.br\/portal\/cpa\/","title":{"rendered":"CPA"},"content":{"rendered":"\t\t<div data-elementor-type=\"wp-post\" data-elementor-id=\"317\" class=\"elementor elementor-317\">\n\t\t\t\t\t\t<section class=\"elementor-section elementor-top-section elementor-element elementor-element-fed4d28 elementor-section-boxed elementor-section-height-default elementor-section-height-default jltma-glass-effect-no\" data-id=\"fed4d28\" data-element_type=\"section\" data-e-type=\"section\" data-settings=\"{&quot;background_background&quot;:&quot;classic&quot;,&quot;shape_divider_bottom&quot;:&quot;triangle&quot;}\">\n\t\t\t\t\t\t\t<div class=\"elementor-background-overlay\"><\/div>\n\t\t\t\t\t\t<div class=\"elementor-shape elementor-shape-bottom\" aria-hidden=\"true\" data-negative=\"false\">\n\t\t\t<svg xmlns=\"http:\/\/www.w3.org\/2000\/svg\" viewBox=\"0 0 1000 100\" preserveAspectRatio=\"none\">\n\t<path class=\"elementor-shape-fill\" d=\"M500,98.9L0,6.1V0h1000v6.1L500,98.9z\"\/>\n<\/svg>\t\t<\/div>\n\t\t\t\t\t<div class=\"elementor-container elementor-column-gap-default\">\n\t\t\t\t\t<div class=\"elementor-column elementor-col-100 elementor-top-column elementor-element elementor-element-d9501b7 jltma-glass-effect-no\" data-id=\"d9501b7\" data-element_type=\"column\" data-e-type=\"column\">\n\t\t\t<div class=\"elementor-widget-wrap elementor-element-populated\">\n\t\t\t\t\t\t<div class=\"elementor-element elementor-element-435d912 jltma-glass-effect-no elementor-widget elementor-widget-heading\" data-id=\"435d912\" data-element_type=\"widget\" data-e-type=\"widget\" data-widget_type=\"heading.default\">\n\t\t\t\t<div class=\"elementor-widget-container\">\n\t\t\t\t\t<h2 class=\"elementor-heading-title elementor-size-default\">CPA<\/h2>\t\t\t\t<\/div>\n\t\t\t\t<\/div>\n\t\t\t\t<div class=\"elementor-element elementor-element-c686ad5 jltma-glass-effect-no elementor-widget elementor-widget-attesa-extra-divider\" data-id=\"c686ad5\" data-element_type=\"widget\" data-e-type=\"widget\" data-widget_type=\"attesa-extra-divider.default\">\n\t\t\t\t<div class=\"elementor-widget-container\">\n\t\t\t\t\t\t\t<div class=\"attesa-extra-divider-wrap position_center\">\r\n\t\t\t<div class=\"attesa-extra-divider attesa-divider-before\"><\/div>\r\n\t\t\t\t\t\t\t<div class=\"attesa-divider-middle\"><i class=\"fa fa-users\"><\/i><\/div>\r\n\t\t\t\t\t\t<div class=\"attesa-extra-divider attesa-divider-after\"><\/div>\r\n\t\t<\/div>\r\n\t\t\t\t\t\t<\/div>\n\t\t\t\t<\/div>\n\t\t\t\t\t<\/div>\n\t\t<\/div>\n\t\t\t\t\t<\/div>\n\t\t<\/section>\n\t\t\t\t<section class=\"elementor-section elementor-top-section elementor-element elementor-element-30e38f3 elementor-section-boxed elementor-section-height-default elementor-section-height-default jltma-glass-effect-no\" data-id=\"30e38f3\" data-element_type=\"section\" data-e-type=\"section\">\n\t\t\t\t\t\t<div class=\"elementor-container elementor-column-gap-default\">\n\t\t\t\t\t<div class=\"elementor-column elementor-col-100 elementor-top-column elementor-element elementor-element-918ccda jltma-glass-effect-no\" data-id=\"918ccda\" data-element_type=\"column\" data-e-type=\"column\">\n\t\t\t<div class=\"elementor-widget-wrap elementor-element-populated\">\n\t\t\t\t\t\t<div class=\"elementor-element elementor-element-532b1ec jltma-glass-effect-no elementor-widget elementor-widget-image\" data-id=\"532b1ec\" data-element_type=\"widget\" data-e-type=\"widget\" data-widget_type=\"image.default\">\n\t\t\t\t<div class=\"elementor-widget-container\">\n\t\t\t\t\t\t\t\t\t\t\t\t\t\t\t<img decoding=\"async\" width=\"300\" height=\"104\" src=\"https:\/\/www.faesc.edu.br\/portal\/wp-content\/uploads\/2020\/10\/CPA_site-300x104-1.png\" class=\"attachment-large size-large wp-image-320\" alt=\"\" \/>\t\t\t\t\t\t\t\t\t\t\t\t\t\t\t<\/div>\n\t\t\t\t<\/div>\n\t\t\t\t<div class=\"elementor-element elementor-element-57154e4 jltma-glass-effect-no elementor-widget elementor-widget-heading\" data-id=\"57154e4\" data-element_type=\"widget\" data-e-type=\"widget\" data-widget_type=\"heading.default\">\n\t\t\t\t<div class=\"elementor-widget-container\">\n\t\t\t\t\t<h1 class=\"elementor-heading-title elementor-size-default\">O QUE \u00c9 CPA?<\/h1>\t\t\t\t<\/div>\n\t\t\t\t<\/div>\n\t\t\t\t<div class=\"elementor-element elementor-element-5a498f1 elementor-widget-divider--view-line jltma-glass-effect-no elementor-widget elementor-widget-divider\" data-id=\"5a498f1\" data-element_type=\"widget\" data-e-type=\"widget\" data-widget_type=\"divider.default\">\n\t\t\t\t<div class=\"elementor-widget-container\">\n\t\t\t\t\t\t\t<div class=\"elementor-divider\">\n\t\t\t<span class=\"elementor-divider-separator\">\n\t\t\t\t\t\t<\/span>\n\t\t<\/div>\n\t\t\t\t\t\t<\/div>\n\t\t\t\t<\/div>\n\t\t\t\t<div class=\"elementor-element elementor-element-9b047b3 jltma-glass-effect-no elementor-widget elementor-widget-text-editor\" data-id=\"9b047b3\" data-element_type=\"widget\" data-e-type=\"widget\" data-widget_type=\"text-editor.default\">\n\t\t\t\t<div class=\"elementor-widget-container\">\n\t\t\t\t\t\t\t\t\t<p>A sigla CPA significa Comiss\u00e3o Pr\u00f3pria de Avalia\u00e7\u00e3o, institu\u00edda pelo SINAES \u2013 Sistema Nacional de Avalia\u00e7\u00e3o da Educa\u00e7\u00e3o Superior, e \u00e9 respons\u00e1vel pela implanta\u00e7\u00e3o e pelo desenvolvimento de processos de avalia\u00e7\u00e3o institucional.<\/p><p>A CPA-FAESC tamb\u00e9m tem como objetivo, sistematizar e prestar as informa\u00e7\u00f5es solicitadas pelo MEC\/INEP, e principalmente garantir a qualifica\u00e7\u00e3o dos servi\u00e7os educacionais prestados \u00e0 popula\u00e7\u00e3o pela Institui\u00e7\u00e3o. Para tanto, desenvolve suas atividades fundamentadas no movimento dial\u00e9tico, baseada no exerc\u00edcio da a\u00e7\u00e3o-reflex\u00e3o-a\u00e7\u00e3o, provocando a autoconsci\u00eancia institucional no sentido de cumprir com os prop\u00f3sitos definidos em sua miss\u00e3o.<\/p><p>A autoavalia\u00e7\u00e3o na IES est\u00e1, diretamente ligada \u00e0 quest\u00e3o da qualidade na oferta dos servi\u00e7os educacionais e exige, portanto uma ampla participa\u00e7\u00e3o de alunos, professores, funcion\u00e1rios t\u00e9cnico-administrativos, ex-alunos e representantes da sociedade civil organizada, todos esses segmentos voltados para o mesmo movimento, o de lan\u00e7ar seus olhares para a institui\u00e7\u00e3o e informarem sobre suas percep\u00e7\u00f5es acerca das diversas dimens\u00f5es das atividades acad\u00eamicas. Esse envolvimento de todos os segmentos da comunidade precisa partir, no entanto da reflex\u00e3o acerca do Plano de Desenvolvimento Institucional \u2013 PDI e a realiza\u00e7\u00e3o das metas e objetivos ali previstos.<\/p><h3><strong>PROJETO DE AVALIA\u00c7\u00c3O-CPA\/FAESC<\/strong><\/h3><p>Atrav\u00e9s do Projeto de Avalia\u00e7\u00e3o Institucional pretende-se fortalecer na FAESC a cultura avaliativa com vistas a subsidiar formula\u00e7\u00f5es de diretrizes para a gest\u00e3o institucional, entendendo o objetivo central do processo avaliativo como forma de subsidiar propostas de melhoria da qualidade acad\u00eamica no ensino, na pesquisa, na extens\u00e3o, na gest\u00e3o, no cumprimento de sua pertin\u00eancia e na responsabilidade social sem perder de vista a revis\u00e3o e aperfei\u00e7oamento do seu Plano de Desenvolvimento Institucional PDI.<\/p><p>Dessa forma, damos \u00eanfase a constru\u00e7\u00e3o e execu\u00e7\u00e3o de um projeto de avalia\u00e7\u00e3o baseado em princ\u00edpios como participa\u00e7\u00e3o, di\u00e1logo e transpar\u00eancia, que visam consolidar a gest\u00e3o democr\u00e1tica e a autonomia. A participa\u00e7\u00e3o da comunidade acad\u00eamica no processo \u00e9 uma das preocupa\u00e7\u00f5es da proposta de avalia\u00e7\u00e3o da CPA, por entender a educa\u00e7\u00e3o enquanto um bem p\u00fablico torna-se uma quest\u00e3o \u00e9tica o envolvimento de professores, alunos, t\u00e9cnicos e da comunidade em geral na din\u00e2mica avaliativa, com a finalidade de acompanhar e contribuir para a constru\u00e7\u00e3o de um sistema de educa\u00e7\u00e3o superior com alto valor cient\u00edfico e social.<\/p><p>O planejamento e execu\u00e7\u00e3o das atividades previstas t\u00eam suas origens nos seguintes objetivos:<\/p><ul><li>Fortalecer a cultura da autoavalia\u00e7\u00e3o institucional na IES;<\/li><li>Propor e executar a\u00e7\u00f5es voltadas para auto avalia\u00e7\u00e3o institucional junto a comunidade acad\u00eamica, administrativa e sociedade civil encorajando-os a participarem ativamente do processo;<\/li><li>Realizar a consolida\u00e7\u00e3o dos resultados da avalia\u00e7\u00e3o institucional atrav\u00e9s dos relat\u00f3rios a serem apresentados;<\/li><li>Subsidiar a equipe gestora e equipe acad\u00eamica com dados resultantes do processo avaliativo, permitindo-os o redirecionamento de a\u00e7\u00f5es;<\/li><li>Apontar caminhos e estrat\u00e9gias para qualificar os servi\u00e7os ofertados pela IES;<\/li><\/ul><p>As a\u00e7\u00f5es estrat\u00e9gicas e linhas de atua\u00e7\u00e3o adotadas pela Comiss\u00e3o Pr\u00f3pria de Avalia\u00e7\u00e3o \u2013 CPA da Faculdade da Escada \u2013 FAESC para o ano de 2020, encontram-se\u00a0 pautadas nos instrumentos de avalia\u00e7\u00e3o do MEC, com base na Lei 10.861, de 14.04.2004, que instituiu o Sistema Nacional de Avalia\u00e7\u00e3o da Educa\u00e7\u00e3o Superior (SINAES) que determina os\u00a0 eixos, dimens\u00f5es, indicadores de qualidade e requisitos legais para a realiza\u00e7\u00e3o do processo de autoavalia\u00e7\u00e3o institucional.<\/p><p>O processo de auto avalia\u00e7\u00e3o na IES realiza-se a partir de v\u00e1rias estrat\u00e9gias, entre elas: discuss\u00f5es, escuta em atendimento pelas coordenadoras dos cursos, aplica\u00e7\u00e3o aos alunos, professores e funcion\u00e1rios de question\u00e1rios de avalia\u00e7\u00e3o, levantamento e tratamento dos dados, an\u00e1lise e divulga\u00e7\u00e3o dos resultados.<\/p><h3><strong>GEST\u00c3O ATUAL DA COMISS\u00c3O PR\u00d3PRIA DE AVALIA\u00c7\u00c3O \u2013 CPA \u2013 2018\/2020<\/strong><\/h3><table><tbody><tr><td width=\"288\"><strong>Presidente e Representante Docente<\/strong><\/td><td width=\"288\">Prof\u00aa. Laura Cristina Pereira da Silva (Curso de Pedagogia)<\/td><\/tr><tr><td width=\"288\"><strong>Representante dos Docentes<\/strong><\/td><td width=\"288\">Prof. Ednaldo Medeiros Arag\u00e3o J\u00fanior (Curso de Fisioterapia)<\/td><\/tr><tr><td width=\"288\"><strong>Representante do N\u00facleo de Apoio ao Estudante- NAE<\/strong><\/td><td width=\"288\">Prof\u00aa. Joelma Barreto Costa de Ara\u00fajo<\/td><\/tr><tr><td width=\"288\"><strong>Representante T\u00e9cnico Administrativo<\/strong><\/td><td width=\"288\">Suelyne Alves Dias da Silva<\/td><\/tr><tr><td width=\"288\"><strong>Representante dos Discentes<\/strong><\/td><td width=\"288\">Evanusia de C\u00e1ssia Rodrigues Pedroso (Curso de Farm\u00e1cia)<\/td><\/tr><tr><td width=\"288\"><strong>Representante das Coordena\u00e7\u00f5es de Cursos<\/strong><\/td><td width=\"288\">Prof\u00aa. Elda Quirino Melo dos Santos (Curso de Letras e Pedagogia)<\/td><\/tr><tr><td width=\"288\"><strong>Representante da Sociedade Civil Organizada<\/strong><\/td><td width=\"288\">Dra. Maria da Piedade Wanderley Buarque de Melo (OAB)<\/td><\/tr><\/tbody><\/table>\t\t\t\t\t\t\t\t<\/div>\n\t\t\t\t<\/div>\n\t\t\t\t\t<\/div>\n\t\t<\/div>\n\t\t\t\t\t<\/div>\n\t\t<\/section>\n\t\t\t\t<\/div>\n\t\t","protected":false},"excerpt":{"rendered":"<p>CPA O QUE \u00c9 CPA? A sigla CPA significa Comiss\u00e3o Pr\u00f3pria de Avalia\u00e7\u00e3o, institu\u00edda pelo SINAES \u2013 Sistema Nacional de Avalia\u00e7\u00e3o da Educa\u00e7\u00e3o Superior, e \u00e9 respons\u00e1vel pela implanta\u00e7\u00e3o e pelo desenvolvimento de processos de avalia\u00e7\u00e3o institucional. A CPA-FAESC tamb\u00e9m tem como objetivo, sistematizar e prestar as informa\u00e7\u00f5es solicitadas pelo MEC\/INEP, e principalmente garantir a&hellip;<\/p>\n","protected":false},"author":1,"featured_media":0,"parent":0,"menu_order":0,"comment_status":"closed","ping_status":"closed","template":"","meta":{"footnotes":""},"class_list":["post-317","page","type-page","status-publish","hentry"],"_links":{"self":[{"href":"https:\/\/www.faesc.edu.br\/portal\/wp-json\/wp\/v2\/pages\/317","targetHints":{"allow":["GET"]}}],"collection":[{"href":"https:\/\/www.faesc.edu.br\/portal\/wp-json\/wp\/v2\/pages"}],"about":[{"href":"https:\/\/www.faesc.edu.br\/portal\/wp-json\/wp\/v2\/types\/page"}],"author":[{"embeddable":true,"href":"https:\/\/www.faesc.edu.br\/portal\/wp-json\/wp\/v2\/users\/1"}],"replies":[{"embeddable":true,"href":"https:\/\/www.faesc.edu.br\/portal\/wp-json\/wp\/v2\/comments?post=317"}],"version-history":[{"count":6,"href":"https:\/\/www.faesc.edu.br\/portal\/wp-json\/wp\/v2\/pages\/317\/revisions"}],"predecessor-version":[{"id":390,"href":"https:\/\/www.faesc.edu.br\/portal\/wp-json\/wp\/v2\/pages\/317\/revisions\/390"}],"wp:attachment":[{"href":"https:\/\/www.faesc.edu.br\/portal\/wp-json\/wp\/v2\/media?parent=317"}],"curies":[{"name":"wp","href":"https:\/\/api.w.org\/{rel}","templated":true}]}}